{"id":985,"date":"2023-08-11T11:23:53","date_gmt":"2023-08-11T10:23:53","guid":{"rendered":"https:\/\/diybar.hu\/?page_id=985"},"modified":"2023-08-11T11:25:09","modified_gmt":"2023-08-11T10:25:09","slug":"impressum","status":"publish","type":"page","link":"https:\/\/diybar.hu\/hu\/impressum\/","title":{"rendered":"IMPRESSUM"},"content":{"rendered":"<div data-elementor-type=\"wp-page\" data-elementor-id=\"985\" class=\"elementor elementor-985\" data-elementor-settings=\"{&quot;ha_cmc_init_switcher&quot;:&quot;no&quot;}\" data-elementor-post-type=\"page\">\n\t\t\t\t\t\t<section class=\"elementor-section elementor-top-section elementor-element elementor-element-00233d5 elementor-section-boxed elementor-section-height-default elementor-section-height-default\" data-id=\"00233d5\" data-element_type=\"section\">\n\t\t\t\t\t\t<div class=\"elementor-container elementor-column-gap-default\">\n\t\t\t\t\t<div class=\"elementor-column elementor-col-100 elementor-top-column elementor-element elementor-element-f2481e7\" data-id=\"f2481e7\" data-element_type=\"column\">\n\t\t\t<div class=\"elementor-widget-wrap elementor-element-populated\">\n\t\t\t\t\t\t<div class=\"elementor-element elementor-element-2976281 elementor-widget elementor-widget-heading\" data-id=\"2976281\" data-element_type=\"widget\" data-widget_type=\"heading.default\">\n\t\t\t\t<div class=\"elementor-widget-container\">\n\t\t\t\t\t<h2 class=\"elementor-heading-title elementor-size-default\">IMPRESSUM<\/h2>\t\t\t\t<\/div>\n\t\t\t\t<\/div>\n\t\t\t\t<div class=\"elementor-element elementor-element-0db1270 elementor-widget elementor-widget-text-editor\" data-id=\"0db1270\" data-element_type=\"widget\" data-widget_type=\"text-editor.default\">\n\t\t\t\t<div class=\"elementor-widget-container\">\n\t\t\t\t\t\t\t\t\t<table><tbody><tr><td><br \/><br \/><br \/><p><span style=\"font-weight: 400;\">Szolg\u00e1ltat\u00f3 neve:\u00a0<\/span><\/p><\/td><td><br \/><br \/><br \/><p><b>Mittersisters Korl\u00e1tolt Felel\u0151ss\u00e9g\u0171 T\u00e1rsas\u00e1g<\/b><\/p><\/td><\/tr><tr><td><p><span style=\"font-weight: 400;\">Sz\u00e9khelye:<\/span><\/p><\/td><td><p><span style=\"font-weight: 400;\">1075 Budapest, K\u00e1roly krt. 1. 3. em. 3. ajt\u00f3<\/span><\/p><\/td><\/tr><tr><td><p><span style=\"font-weight: 400;\">Telefon:<\/span><\/p><\/td><td><p><span style=\"font-weight: 400;\">+36 20 557 1422<\/span><\/p><\/td><\/tr><tr><td><p><span style=\"font-weight: 400;\">E-mail:<\/span><\/p><\/td><td><p><a href=\"mailto:info@mittersisters.com\"><span style=\"font-weight: 400;\">info@mittersisters.com<\/span><\/a><\/p><\/td><\/tr><tr><td><p><span style=\"font-weight: 400;\">Internet\/weboldal:<\/span><\/p><\/td><td><p><span style=\"font-weight: 400;\">https:\/\/mittersisters.com\/<\/span><\/p><\/td><\/tr><tr><td><p><span style=\"font-weight: 400;\">C\u00e9gjegyz\u00e9ksz\u00e1m:<\/span><\/p><\/td><td><p><span style=\"font-weight: 400;\">01-09-416611<\/span><\/p><\/td><\/tr><tr><td><p><span style=\"font-weight: 400;\">Ad\u00f3sz\u00e1m:<\/span><\/p><\/td><td><p><span style=\"font-weight: 400;\">32295016-1-42<\/span><\/p><\/td><\/tr><tr><td><p><span style=\"font-weight: 400;\">A c\u00e9get bejegyz\u0151 hat\u00f3s\u00e1g:<\/span><\/p><\/td><td><p><span style=\"font-weight: 400;\">F\u0151v\u00e1rosi T\u00f6rv\u00e9nysz\u00e9k C\u00e9gb\u00edr\u00f3s\u00e1ga (1051 Budapest, N\u00e1dor u. 28.)<\/span><\/p><\/td><\/tr><tr><td><br \/><p><b>Honlap t\u00e1rhely\u00e9t biztos\u00edt\u00f3 szolg\u00e1ltat\u00f3:<\/b><\/p><\/td><td><p><span style=\"font-weight: 400;\">HOSTINGER, UAB<\/span><\/p><\/td><\/tr><tr><td><p><span style=\"font-weight: 400;\">T\u00e1rhelyszolg\u00e1ltat\u00f3 sz\u00e9khelye:<\/span><\/p><\/td><td><p><span style=\"font-weight: 400;\">Jonavos str. 60C, 44192 Kaunas, Litv\u00e1nia<\/span><\/p><\/td><\/tr><tr><td><p><span style=\"font-weight: 400;\">T\u00e1rhelyszolg\u00e1ltat\u00f3 e-mail c\u00edme:<\/span><\/p><\/td><td><p><span style=\"font-weight: 400;\">domains@hostinger.com<\/span><\/p><\/td><\/tr><tr><td><p><span style=\"font-weight: 400;\">Webszerver hely\u00e9nek f\u00f6ldrajzi c\u00edme:<\/span><\/p><\/td><td><p><span style=\"font-weight: 400;\">Litv\u00e1nia<\/span><\/p><\/td><\/tr><\/tbody><\/table>\t\t\t\t\t\t\t\t<\/div>\n\t\t\t\t<\/div>\n\t\t\t\t\t<\/div>\n\t\t<\/div>\n\t\t\t\t\t<\/div>\n\t\t<\/section>\n\t\t\t\t<\/div>","protected":false},"excerpt":{"rendered":"<p>IMPRESSUM Szolg\u00e1ltat\u00f3 neve:\u00a0 Mittersisters Korl\u00e1tolt Felel\u0151ss\u00e9g\u0171 T\u00e1rsas\u00e1g Sz\u00e9khelye: 1075 Budapest, K\u00e1roly krt. 1. 3. em. 3. ajt\u00f3 Telefon: +36 20 557 1422 E-mail: info@mittersisters.com Internet\/weboldal: Kezd\u0151lap C\u00e9gjegyz\u00e9ksz\u00e1m: 01-09-416611 Ad\u00f3sz\u00e1m: 32295016-1-42 A c\u00e9get bejegyz\u0151 hat\u00f3s\u00e1g: F\u0151v\u00e1rosi T\u00f6rv\u00e9nysz\u00e9k C\u00e9gb\u00edr\u00f3s\u00e1ga (1051 Budapest, N\u00e1dor u. 28.) Honlap t\u00e1rhely\u00e9t biztos\u00edt\u00f3 szolg\u00e1ltat\u00f3: HOSTINGER, UAB T\u00e1rhelyszolg\u00e1ltat\u00f3 sz\u00e9khelye: Jonavos str. 60C, 44192 Kaunas, [&hellip;]<\/p>","protected":false},"author":2,"featured_media":0,"parent":0,"menu_order":0,"comment_status":"closed","ping_status":"closed","template":"elementor_header_footer","meta":{"footnotes":""},"class_list":["post-985","page","type-page","status-publish","hentry"],"_links":{"self":[{"href":"https:\/\/diybar.hu\/hu\/wp-json\/wp\/v2\/pages\/985","targetHints":{"allow":["GET"]}}],"collection":[{"href":"https:\/\/diybar.hu\/hu\/wp-json\/wp\/v2\/pages"}],"about":[{"href":"https:\/\/diybar.hu\/hu\/wp-json\/wp\/v2\/types\/page"}],"author":[{"embeddable":true,"href":"https:\/\/diybar.hu\/hu\/wp-json\/wp\/v2\/users\/2"}],"replies":[{"embeddable":true,"href":"https:\/\/diybar.hu\/hu\/wp-json\/wp\/v2\/comments?post=985"}],"version-history":[{"count":4,"href":"https:\/\/diybar.hu\/hu\/wp-json\/wp\/v2\/pages\/985\/revisions"}],"predecessor-version":[{"id":989,"href":"https:\/\/diybar.hu\/hu\/wp-json\/wp\/v2\/pages\/985\/revisions\/989"}],"wp:attachment":[{"href":"https:\/\/diybar.hu\/hu\/wp-json\/wp\/v2\/media?parent=985"}],"curies":[{"name":"wp","href":"https:\/\/api.w.org\/{rel}","templated":true}]}}