{"id":302,"date":"2023-02-01T08:46:27","date_gmt":"2023-02-01T08:46:27","guid":{"rendered":"https:\/\/diybar.hu\/?page_id=302"},"modified":"2023-03-27T09:05:24","modified_gmt":"2023-03-27T08:05:24","slug":"about-us","status":"publish","type":"page","link":"https:\/\/diybar.hu\/hu\/about-us\/","title":{"rendered":"R\u00d3LUNK"},"content":{"rendered":"<div data-elementor-type=\"wp-page\" data-elementor-id=\"302\" class=\"elementor elementor-302\" data-elementor-settings=\"{&quot;ha_cmc_init_switcher&quot;:&quot;no&quot;}\" data-elementor-post-type=\"page\">\n\t\t\t\t\t\t<section class=\"elementor-section elementor-top-section elementor-element elementor-element-59ecddd elementor-section-boxed elementor-section-height-default elementor-section-height-default\" data-id=\"59ecddd\" data-element_type=\"section\" data-settings=\"{&quot;background_background&quot;:&quot;classic&quot;}\">\n\t\t\t\t\t\t<div class=\"elementor-container elementor-column-gap-default\">\n\t\t\t\t\t<div class=\"elementor-column elementor-col-50 elementor-top-column elementor-element elementor-element-3b06a98\" data-id=\"3b06a98\" data-element_type=\"column\">\n\t\t\t<div class=\"elementor-widget-wrap elementor-element-populated\">\n\t\t\t\t\t\t<div class=\"elementor-element elementor-element-7a63e21 elementor-widget elementor-widget-image\" data-id=\"7a63e21\" data-element_type=\"widget\" data-widget_type=\"image.default\">\n\t\t\t\t<div class=\"elementor-widget-container\">\n\t\t\t\t\t\t\t\t\t\t\t\t\t\t\t<img decoding=\"async\" src=\"https:\/\/diybar.hu\/wp-content\/uploads\/elementor\/thumbs\/2023-01-30_mitter_diy_GKP_2636-scaled-q1m19gkp5568illhbb67jey39vzdyx4zcv1fnj03kg.jpg\" title=\"2023-01-30_mitter_diy_GKP_2636\" alt=\"2023-01-30_mitter_diy_GKP_2636\" loading=\"lazy\" \/>\t\t\t\t\t\t\t\t\t\t\t\t\t\t\t<\/div>\n\t\t\t\t<\/div>\n\t\t\t\t<div class=\"elementor-element elementor-element-c39bbfd elementor-absolute animated-slow elementor-invisible elementor-widget elementor-widget-image\" data-id=\"c39bbfd\" data-element_type=\"widget\" data-settings=\"{&quot;_position&quot;:&quot;absolute&quot;,&quot;_animation&quot;:&quot;fadeIn&quot;,&quot;_animation_delay&quot;:5000}\" data-widget_type=\"image.default\">\n\t\t\t\t<div class=\"elementor-widget-container\">\n\t\t\t\t\t\t\t\t\t\t\t\t\t\t\t<img decoding=\"async\" src=\"https:\/\/diybar.hu\/wp-content\/uploads\/elementor\/thumbs\/2023-01-30_mitter_diy_GKP_2638-scaled-q1m18mhv2g1272t66y65bmjc9k3n4ltkkq5wao8p3k.jpg\" title=\"2023-01-30_mitter_diy_GKP_2638\" alt=\"2023-01-30_mitter_diy_GKP_2638\" loading=\"lazy\" \/>\t\t\t\t\t\t\t\t\t\t\t\t\t\t\t<\/div>\n\t\t\t\t<\/div>\n\t\t\t\t\t<\/div>\n\t\t<\/div>\n\t\t\t\t<div class=\"elementor-column elementor-col-50 elementor-top-column elementor-element elementor-element-32f8d3c\" data-id=\"32f8d3c\" data-element_type=\"column\">\n\t\t\t<div class=\"elementor-widget-wrap elementor-element-populated\">\n\t\t\t\t\t\t<div class=\"elementor-element elementor-element-6625318 elementor-widget elementor-widget-heading\" data-id=\"6625318\" data-element_type=\"widget\" data-widget_type=\"heading.default\">\n\t\t\t\t<div class=\"elementor-widget-container\">\n\t\t\t\t\t<h2 class=\"elementor-heading-title elementor-size-default\">R\u00d3LUNK:<\/h2>\t\t\t\t<\/div>\n\t\t\t\t<\/div>\n\t\t\t\t<div class=\"elementor-element elementor-element-27a1514 elementor-widget elementor-widget-text-editor\" data-id=\"27a1514\" data-element_type=\"widget\" data-widget_type=\"text-editor.default\">\n\t\t\t\t<div class=\"elementor-widget-container\">\n\t\t\t\t\t<style>.elementor-element-27a1514{display:none !important}<\/style>\t\t\t\t<\/div>\n\t\t\t\t<\/div>\n\t\t\t\t<div class=\"elementor-element elementor-element-82a17ae elementor-widget elementor-widget-text-editor\" data-id=\"82a17ae\" data-element_type=\"widget\" data-no-translation=\"\" data-widget_type=\"text-editor.default\">\n\t\t\t\t<div class=\"elementor-widget-container\">\n\t\t\t\t\t\t\t\t\t<p><span style=\"font-weight: 400;\">A DIY BAR Budapest az els\u0151 olyan k\u00f6z\u00f6ss\u00e9gi t\u00e9r, ahol b\u00e1rki \u00e1t\u00e9lheti az alkot\u00e1s \u00e9lm\u00e9ny\u00e9t egy egyedi designer t\u00e1rgy elk\u00e9sz\u00edt\u00e9se k\u00f6zben. Itt bepillanthatsz a b\u0151rm\u0171ves szakma rejtelmeibe, mik\u00f6zben egy kis id\u0151re te magad is tervez\u0151v\u00e9 v\u00e1lhatsz.<\/span><span style=\"font-weight: 400;\"><br \/><\/span><span style=\"font-weight: 400;\"><br \/><\/span><span style=\"font-weight: 400;\">A DIY BAR Budapest 2023-ben nyitotta meg kapuit, organikusan n\u0151ve ki mag\u00e1t a Mittersisters m\u00e1rk\u00e1b\u00f3l, ami els\u0151k\u00e9nt foglalkozott t\u00e1ska k\u00e9sz\u00edt\u0151 workshopokkal. A Mittersistersn\u00e9l k\u00f6zel 10 \u00e9v alatt \u00f6sszegy\u00fajt\u00f6tt know how-ot \u00e9s \u00e9lm\u00e9nyt emelt\u00fck \u00e1t egy olyan kreat\u00edv programba, ahol azoknak sem kell lemondaniuk a r\u00e9szv\u00e9telr\u0151l, akik csak p\u00e1r napot tart\u00f3zkodnak Budapesten.<\/span><span style=\"font-weight: 400;\"><br \/><\/span><span style=\"font-weight: 400;\"><br \/><\/span><span style=\"font-weight: 400;\">A m\u00e1rka sz\u00edve lelke egy vid\u00e1m designer csapat, akik mindenben seg\u00edtenek Rajtuk kereszt\u00fcl pedig megismerheted a helyi m\u0171v\u00e9szeket, gondolkod\u00e1sm\u00f3djukat \u00e9s a fenntarthat\u00f3s\u00e1gra ir\u00e1nyul\u00f3 szeml\u00e9letm\u00f3djukat.<\/span><span style=\"font-weight: 400;\"><br \/><\/span><span style=\"font-weight: 400;\"><br \/><\/span><span style=\"font-weight: 400;\">\u201eSzeretn\u00e9nk, ha min\u00e9l t\u00f6bb ember \u00e9ln\u00e9 \u00e1t n\u00e1lunk az alkot\u00e1s \u00f6r\u00f6m\u00e9t \u00e9s, ha fenntarthatatlan t\u00f6megterm\u00e9kek \u00e9s szuven\u00edrek helyett min\u00e9l t\u00f6bb ember k\u00e9sz\u00edtene egyedi, j\u00f3 min\u0151s\u00e9g\u0171 \u00e9s \u00e9rt\u00e9ket hordoz\u00f3 aj\u00e1nd\u00e9kot.\u201d<\/span><span style=\"font-weight: 400;\"><br \/><\/span><\/p>\t\t\t\t\t\t\t\t<\/div>\n\t\t\t\t<\/div>\n\t\t\t\t\t<\/div>\n\t\t<\/div>\n\t\t\t\t\t<\/div>\n\t\t<\/section>\n\t\t\t\t<\/div>","protected":false},"excerpt":{"rendered":"<p>ABOUT US: DIY BAR Budapest is the first community space where anyone can experience the joy of creating a unique designer item. Here you can get a glimpse at the mysteries of leather crafting, while becoming a designer yourself for a short time. DIY BAR Budapest opened its doors in 2023, growing organically out of [&hellip;]<\/p>","protected":false},"author":2,"featured_media":0,"parent":0,"menu_order":0,"comment_status":"closed","ping_status":"closed","template":"","meta":{"footnotes":""},"class_list":["post-302","page","type-page","status-publish","hentry"],"_links":{"self":[{"href":"https:\/\/diybar.hu\/hu\/wp-json\/wp\/v2\/pages\/302","targetHints":{"allow":["GET"]}}],"collection":[{"href":"https:\/\/diybar.hu\/hu\/wp-json\/wp\/v2\/pages"}],"about":[{"href":"https:\/\/diybar.hu\/hu\/wp-json\/wp\/v2\/types\/page"}],"author":[{"embeddable":true,"href":"https:\/\/diybar.hu\/hu\/wp-json\/wp\/v2\/users\/2"}],"replies":[{"embeddable":true,"href":"https:\/\/diybar.hu\/hu\/wp-json\/wp\/v2\/comments?post=302"}],"version-history":[{"count":5,"href":"https:\/\/diybar.hu\/hu\/wp-json\/wp\/v2\/pages\/302\/revisions"}],"predecessor-version":[{"id":956,"href":"https:\/\/diybar.hu\/hu\/wp-json\/wp\/v2\/pages\/302\/revisions\/956"}],"wp:attachment":[{"href":"https:\/\/diybar.hu\/hu\/wp-json\/wp\/v2\/media?parent=302"}],"curies":[{"name":"wp","href":"https:\/\/api.w.org\/{rel}","templated":true}]}}