{"id":1038,"date":"2023-11-14T15:22:37","date_gmt":"2023-11-14T13:22:37","guid":{"rendered":"https:\/\/diybar.hu\/?page_id=1038"},"modified":"2023-12-03T13:28:27","modified_gmt":"2023-12-03T11:28:27","slug":"ajandekutalvany","status":"publish","type":"page","link":"https:\/\/diybar.hu\/hu\/ajandekutalvany\/","title":{"rendered":"Aj\u00e1nd\u00e9kutalv\u00e1ny"},"content":{"rendered":"<div data-elementor-type=\"wp-page\" data-elementor-id=\"1038\" class=\"elementor elementor-1038\" data-elementor-settings=\"{&quot;ha_cmc_init_switcher&quot;:&quot;no&quot;}\" data-elementor-post-type=\"page\">\n\t\t\t\t\t\t<section class=\"elementor-section elementor-top-section elementor-element elementor-element-68b110c6 elementor-section-boxed elementor-section-height-default elementor-section-height-default\" data-id=\"68b110c6\" data-element_type=\"section\" id=\"2nd\" data-settings=\"{&quot;background_background&quot;:&quot;classic&quot;,&quot;motion_fx_motion_fx_scrolling&quot;:&quot;yes&quot;,&quot;motion_fx_devices&quot;:[&quot;desktop&quot;,&quot;tablet&quot;,&quot;mobile&quot;]}\">\n\t\t\t\t\t\t<div class=\"elementor-container elementor-column-gap-default\">\n\t\t\t\t\t<div class=\"elementor-column elementor-col-100 elementor-top-column elementor-element elementor-element-6ca22bf8\" data-id=\"6ca22bf8\" data-element_type=\"column\">\n\t\t\t<div class=\"elementor-widget-wrap elementor-element-populated\">\n\t\t\t\t\t\t<div class=\"elementor-element elementor-element-2485aace elementor-widget elementor-widget-heading\" data-id=\"2485aace\" data-element_type=\"widget\" data-widget_type=\"heading.default\">\n\t\t\t\t<div class=\"elementor-widget-container\">\n\t\t\t\t\t<h2 class=\"elementor-heading-title elementor-size-default\">AJ\u00c1ND\u00c9KUTALV\u00c1NY<\/h2>\t\t\t\t<\/div>\n\t\t\t\t<\/div>\n\t\t\t\t<div class=\"elementor-element elementor-element-a0cd326 elementor-widget elementor-widget-heading\" data-id=\"a0cd326\" data-element_type=\"widget\" data-widget_type=\"heading.default\">\n\t\t\t\t<div class=\"elementor-widget-container\">\n\t\t\t\t\t<h2 class=\"elementor-heading-title elementor-size-default\">PR\u00d3B\u00c1LJ KI VALAMI EG\u00c9SZEN EGYEDIT!<\/h2>\t\t\t\t<\/div>\n\t\t\t\t<\/div>\n\t\t\t\t\t<\/div>\n\t\t<\/div>\n\t\t\t\t\t<\/div>\n\t\t<\/section>\n\t\t\t\t<section class=\"elementor-section elementor-top-section elementor-element elementor-element-175b28f2 elementor-section-boxed elementor-section-height-default elementor-section-height-default\" data-id=\"175b28f2\" data-element_type=\"section\" data-settings=\"{&quot;background_background&quot;:&quot;classic&quot;}\">\n\t\t\t\t\t\t<div class=\"elementor-container elementor-column-gap-default\">\n\t\t\t\t\t<div class=\"elementor-column elementor-col-50 elementor-top-column elementor-element elementor-element-fd3f4ab\" data-id=\"fd3f4ab\" data-element_type=\"column\">\n\t\t\t<div class=\"elementor-widget-wrap elementor-element-populated\">\n\t\t\t\t\t\t<div class=\"elementor-element elementor-element-4377da8e elementor-widget elementor-widget-image\" data-id=\"4377da8e\" data-element_type=\"widget\" data-widget_type=\"image.default\">\n\t\t\t\t<div class=\"elementor-widget-container\">\n\t\t\t\t\t\t\t\t\t\t\t\t\t\t\t<img fetchpriority=\"high\" decoding=\"async\" width=\"1920\" height=\"1280\" src=\"https:\/\/diybar.hu\/wp-content\/uploads\/2023\/02\/2023-01-30_mitter_diy_GKP_2786-scaled.jpg\" class=\"attachment-full size-full wp-image-750\" alt=\"\" srcset=\"https:\/\/diybar.hu\/wp-content\/uploads\/2023\/02\/2023-01-30_mitter_diy_GKP_2786-scaled.jpg 1920w, https:\/\/diybar.hu\/wp-content\/uploads\/2023\/02\/2023-01-30_mitter_diy_GKP_2786-300x200.jpg 300w, https:\/\/diybar.hu\/wp-content\/uploads\/2023\/02\/2023-01-30_mitter_diy_GKP_2786-1024x683.jpg 1024w, https:\/\/diybar.hu\/wp-content\/uploads\/2023\/02\/2023-01-30_mitter_diy_GKP_2786-768x512.jpg 768w, https:\/\/diybar.hu\/wp-content\/uploads\/2023\/02\/2023-01-30_mitter_diy_GKP_2786-1536x1024.jpg 1536w, https:\/\/diybar.hu\/wp-content\/uploads\/2023\/02\/2023-01-30_mitter_diy_GKP_2786-2048x1365.jpg 2048w, https:\/\/diybar.hu\/wp-content\/uploads\/2023\/02\/2023-01-30_mitter_diy_GKP_2786-18x12.jpg 18w\" sizes=\"(max-width: 1920px) 100vw, 1920px\" \/>\t\t\t\t\t\t\t\t\t\t\t\t\t\t\t<\/div>\n\t\t\t\t<\/div>\n\t\t\t\t<div class=\"elementor-element elementor-element-926a63c elementor-widget elementor-widget-text-editor\" data-id=\"926a63c\" data-element_type=\"widget\" data-widget_type=\"text-editor.default\">\n\t\t\t\t<div class=\"elementor-widget-container\">\n\t\t\t\t\t\t\t\t\t<p>15.000 HUF<\/p>\t\t\t\t\t\t\t\t<\/div>\n\t\t\t\t<\/div>\n\t\t\t\t<div class=\"elementor-element elementor-element-aa8005c elementor-align-center elementor-widget elementor-widget-button\" data-id=\"aa8005c\" data-element_type=\"widget\" data-widget_type=\"button.default\">\n\t\t\t\t<div class=\"elementor-widget-container\">\n\t\t\t\t\t\t\t\t\t<div class=\"elementor-button-wrapper\">\n\t\t\t\t\t<a class=\"elementor-button elementor-button-link elementor-size-sm\" href=\"https:\/\/buy.stripe.com\/bIY6qoeEv8j9e1a4gg\">\n\t\t\t\t\t\t<span class=\"elementor-button-content-wrapper\">\n\t\t\t\t\t\t\t\t\t<span class=\"elementor-button-text\">V\u00c1S\u00c1RL\u00c1S<\/span>\n\t\t\t\t\t<\/span>\n\t\t\t\t\t<\/a>\n\t\t\t\t<\/div>\n\t\t\t\t\t\t\t\t<\/div>\n\t\t\t\t<\/div>\n\t\t\t\t<div class=\"elementor-element elementor-element-c63534d elementor-widget elementor-widget-text-editor\" data-id=\"c63534d\" data-element_type=\"widget\" data-widget_type=\"text-editor.default\">\n\t\t\t\t<div class=\"elementor-widget-container\">\n\t\t\t\t\t\t\t\t\t<p>Az utalv\u00e1ny b\u00e1rmelyik, a diybar.hu oldalon tal\u00e1lhat\u00f3 t\u00e1rgyra bev\u00e1lthat\u00f3 15.000 Ft \u00e9rt\u00e9kben. Felhaszn\u00e1lhat\u00f3 a k\u00f6vetkez\u0151 6 h\u00f3napban.<\/p>\t\t\t\t\t\t\t\t<\/div>\n\t\t\t\t<\/div>\n\t\t\t\t\t<\/div>\n\t\t<\/div>\n\t\t\t\t<div class=\"elementor-column elementor-col-50 elementor-top-column elementor-element elementor-element-39a8d234\" data-id=\"39a8d234\" data-element_type=\"column\">\n\t\t\t<div class=\"elementor-widget-wrap elementor-element-populated\">\n\t\t\t\t\t\t<div class=\"elementor-element elementor-element-4f9c84bb elementor-widget elementor-widget-image\" data-id=\"4f9c84bb\" data-element_type=\"widget\" data-widget_type=\"image.default\">\n\t\t\t\t<div class=\"elementor-widget-container\">\n\t\t\t\t\t\t\t\t\t\t\t\t\t\t\t<img decoding=\"async\" width=\"1920\" height=\"1280\" src=\"https:\/\/diybar.hu\/wp-content\/uploads\/2023\/02\/2023-01-30_mitter_diy_GKP_2799-scaled.jpg\" class=\"attachment-full size-full wp-image-782\" alt=\"\" srcset=\"https:\/\/diybar.hu\/wp-content\/uploads\/2023\/02\/2023-01-30_mitter_diy_GKP_2799-scaled.jpg 1920w, https:\/\/diybar.hu\/wp-content\/uploads\/2023\/02\/2023-01-30_mitter_diy_GKP_2799-300x200.jpg 300w, https:\/\/diybar.hu\/wp-content\/uploads\/2023\/02\/2023-01-30_mitter_diy_GKP_2799-1024x683.jpg 1024w, https:\/\/diybar.hu\/wp-content\/uploads\/2023\/02\/2023-01-30_mitter_diy_GKP_2799-768x512.jpg 768w, https:\/\/diybar.hu\/wp-content\/uploads\/2023\/02\/2023-01-30_mitter_diy_GKP_2799-1536x1024.jpg 1536w, https:\/\/diybar.hu\/wp-content\/uploads\/2023\/02\/2023-01-30_mitter_diy_GKP_2799-2048x1365.jpg 2048w, https:\/\/diybar.hu\/wp-content\/uploads\/2023\/02\/2023-01-30_mitter_diy_GKP_2799-18x12.jpg 18w\" sizes=\"(max-width: 1920px) 100vw, 1920px\" \/>\t\t\t\t\t\t\t\t\t\t\t\t\t\t\t<\/div>\n\t\t\t\t<\/div>\n\t\t\t\t<div class=\"elementor-element elementor-element-37469e06 elementor-widget elementor-widget-text-editor\" data-id=\"37469e06\" data-element_type=\"widget\" data-widget_type=\"text-editor.default\">\n\t\t\t\t<div class=\"elementor-widget-container\">\n\t\t\t\t\t\t\t\t\t<p>30.000 HUF<\/p>\t\t\t\t\t\t\t\t<\/div>\n\t\t\t\t<\/div>\n\t\t\t\t<div class=\"elementor-element elementor-element-b9b6e33 elementor-align-center elementor-widget elementor-widget-button\" data-id=\"b9b6e33\" data-element_type=\"widget\" data-widget_type=\"button.default\">\n\t\t\t\t<div class=\"elementor-widget-container\">\n\t\t\t\t\t\t\t\t\t<div class=\"elementor-button-wrapper\">\n\t\t\t\t\t<a class=\"elementor-button elementor-button-link elementor-size-sm\" href=\"https:\/\/buy.stripe.com\/8wM6qofIzgPF3mw5kl\">\n\t\t\t\t\t\t<span class=\"elementor-button-content-wrapper\">\n\t\t\t\t\t\t\t\t\t<span class=\"elementor-button-text\">V\u00c1S\u00c1RL\u00c1S<\/span>\n\t\t\t\t\t<\/span>\n\t\t\t\t\t<\/a>\n\t\t\t\t<\/div>\n\t\t\t\t\t\t\t\t<\/div>\n\t\t\t\t<\/div>\n\t\t\t\t<div class=\"elementor-element elementor-element-6bc0cc6 elementor-widget elementor-widget-text-editor\" data-id=\"6bc0cc6\" data-element_type=\"widget\" data-widget_type=\"text-editor.default\">\n\t\t\t\t<div class=\"elementor-widget-container\">\n\t\t\t\t\t\t\t\t\t<p>Az utalv\u00e1ny b\u00e1rmelyik, a diybar.hu oldalon tal\u00e1lhat\u00f3 t\u00e1rgyra bev\u00e1lthat\u00f3 30.000 Ft \u00e9rt\u00e9kben. Felhaszn\u00e1lhat\u00f3 a k\u00f6vetkez\u0151 6 h\u00f3napban.<\/p>\t\t\t\t\t\t\t\t<\/div>\n\t\t\t\t<\/div>\n\t\t\t\t\t<\/div>\n\t\t<\/div>\n\t\t\t\t\t<\/div>\n\t\t<\/section>\n\t\t\t\t<\/div>","protected":false},"excerpt":{"rendered":"<p>GIFT CARD TRY OUT SOMETHING ABSOULTELY ORIGINAL! Make your very own souvenir in the heart of Budapest! Join our leather craft workshops on\u00a0Tuesdays, Fridays or Sundays without pre-registering and create your own unique accessory, while\u00a0enjoying a nice drink with your friends after a long day. 15.000 HUF BUY The voucher can be redeemed for any [&hellip;]<\/p>","protected":false},"author":1,"featured_media":0,"parent":0,"menu_order":0,"comment_status":"closed","ping_status":"closed","template":"elementor_header_footer","meta":{"footnotes":""},"class_list":["post-1038","page","type-page","status-publish","hentry"],"_links":{"self":[{"href":"https:\/\/diybar.hu\/hu\/wp-json\/wp\/v2\/pages\/1038","targetHints":{"allow":["GET"]}}],"collection":[{"href":"https:\/\/diybar.hu\/hu\/wp-json\/wp\/v2\/pages"}],"about":[{"href":"https:\/\/diybar.hu\/hu\/wp-json\/wp\/v2\/types\/page"}],"author":[{"embeddable":true,"href":"https:\/\/diybar.hu\/hu\/wp-json\/wp\/v2\/users\/1"}],"replies":[{"embeddable":true,"href":"https:\/\/diybar.hu\/hu\/wp-json\/wp\/v2\/comments?post=1038"}],"version-history":[{"count":5,"href":"https:\/\/diybar.hu\/hu\/wp-json\/wp\/v2\/pages\/1038\/revisions"}],"predecessor-version":[{"id":1071,"href":"https:\/\/diybar.hu\/hu\/wp-json\/wp\/v2\/pages\/1038\/revisions\/1071"}],"wp:attachment":[{"href":"https:\/\/diybar.hu\/hu\/wp-json\/wp\/v2\/media?parent=1038"}],"curies":[{"name":"wp","href":"https:\/\/api.w.org\/{rel}","templated":true}]}}